{"id":455,"date":"2023-04-04T09:58:46","date_gmt":"2023-04-04T09:58:46","guid":{"rendered":"https:\/\/www.eraagusti.com\/?page_id=455"},"modified":"2023-07-25T06:57:57","modified_gmt":"2023-07-25T06:57:57","slug":"avis-legal","status":"publish","type":"page","link":"https:\/\/crazy-turing.217-160-227-206.plesk.page\/es\/avis-legal\/","title":{"rendered":"Av\u00eds legal"},"content":{"rendered":"<div data-elementor-type=\"wp-page\" data-elementor-id=\"455\" class=\"elementor elementor-455\" data-elementor-post-type=\"page\">\n\t\t\t\t\t\t<section class=\"elementor-section elementor-top-section elementor-element elementor-element-d066749 elementor-section-boxed elementor-section-height-default elementor-section-height-default\" data-id=\"d066749\" data-element_type=\"section\" data-e-type=\"section\" data-settings=\"{&quot;background_background&quot;:&quot;classic&quot;}\">\n\t\t\t\t\t\t<div class=\"elementor-container elementor-column-gap-default\">\n\t\t\t\t\t<div class=\"elementor-column elementor-col-100 elementor-top-column elementor-element elementor-element-0e0df4b\" data-id=\"0e0df4b\" data-element_type=\"column\" data-e-type=\"column\">\n\t\t\t<div class=\"elementor-widget-wrap elementor-element-populated\">\n\t\t\t\t\t\t<div class=\"elementor-element elementor-element-01247fb elementor-widget elementor-widget-text-editor\" data-id=\"01247fb\" data-element_type=\"widget\" data-e-type=\"widget\" data-widget_type=\"text-editor.default\">\n\t\t\t\t<div class=\"elementor-widget-container\">\n\t\t\t\t\t\t\t\t\t<p><\/p>\n<h1>AV\u00cdS LEGAL<\/h1>\n<p>Amb la fi de donar compliment a l&#8217;article 10 de la Ley 34\/2002 de Servicios de la Sociedad de la Informaci\u00f3n y del Comercio Electr\u00f3nico, informem als usuaris de les nostre dades:<\/p>\n<p>Denominaci\u00f3 Social: <strong>ERA AGUSTI SL.<\/strong><\/p>\n<p>Domicili Social: Cam\u00ed Bell-lloc, s\/n, 25690 Vilanova de la Barca, Lleida<\/p>\n<p>CIF: B25658022<\/p>\n<p>Tel\u00e8fon:: 621 14 47 97<\/p>\n<p>E-Mail: eraagusti@eraagusti.com<\/p>\n<p>Lloc Web: https:\/\/crazy-turing.217-160-227-206.plesk.page\/<\/p>\n<p>Dades Registrals: Aquesta societat consta inscrita al&nbsp; Registre Mercantil de Lleida, volum 1127, foli 131, full L22327, incripci\u00f3 4a.<\/p>\n<p><\/p>\n<p><strong>1.- OBJECTE<\/strong><\/p>\n<p><strong>ERA AGUST\u00cd<\/strong> (des d&#8217;ara tamb\u00e9 el prestador) com responsable del lloc web, posa a disposici\u00f3 dels usuaris el present document, que regula l&#8217;\u00fas de la p\u00e0gina web https:\/\/crazy-turing.217-160-227-206.plesk.page\/, amb el qual pretenem donar compliment a les obligacions que disposa la Llei 34 \/ 2002, de Serveis de la Societat de la Informaci\u00f3 i de Comer\u00e7 Electr\u00f2nic (LSSICE o LSSI), aix\u00ed com informar a tots els usuaris del lloc web respecte de quines s\u00f3n les condicions d&#8217;\u00fas del lloc web.<\/p>\n<p>A trav\u00e9s del web, <strong>ERA AGUST\u00cd<\/strong> facilita als usuaris l&#8217;acc\u00e9s i utilitzaci\u00f3 de diferents serveis i continguts posats a disposici\u00f3 a trav\u00e9s del web.<\/p>\n<p>Tota persona que accedeixi a aquest web assumeix el paper d&#8217;usuari (en endavant l&#8217;usuari), i implica l&#8217;acceptaci\u00f3 total i sense reserves de totes i cadascuna de les disposicions incloses en aquest av\u00eds legal, aix\u00ed com a qualsevol altres disposicions legals que fossin d&#8217;aplicaci\u00f3.<\/p>\n<p>Com a usuaris, han de llegir atentament aquest Av\u00eds Legal en qualsevol de les ocasions que entrin al web, ja que aquesta pot patir modificacions ja que el prestador es reserva el dret a modificar qualsevol tipus d&#8217;informaci\u00f3 que pogu\u00e9s apar\u00e8ixer a la web, sense que hi hagi l&#8217;obligaci\u00f3 d&#8217;avisar o posar en coneixement dels usuaris aquestes obligacions, sent suficients la publicaci\u00f3 al lloc web del prestador.<\/p>\n<p><\/p>\n<p><strong>2.- <\/strong><strong>CONDICIONS D&#8217;ACC\u00c9S I \u00daS DEL WEB.<\/strong><\/p>\n<p><strong>2.1. Car\u00e0cter gratu\u00eft de l&#8217;acc\u00e9s i \u00fas del web.<\/strong><\/p>\n<p>La prestaci\u00f3 dels serveis per part de <strong>ERA AGUST\u00cd<\/strong> t\u00e9 car\u00e0cter gratu\u00eft per a tots els usuaris. No obstant aix\u00f2, alguns dels serveis subministrats pel prestador a trav\u00e9s del web estan subjectes a el pagament d&#8217;un preu determinat a les condicions generals de contractaci\u00f3.<\/p>\n<p><strong>2.2. Registre de l&#8217; Usuari.<\/strong><\/p>\n<p>Amb car\u00e0cter general la prestaci\u00f3 dels Serveis no exigeix la pr\u00e8via subscripci\u00f3 o registre dels Usuaris. Tot i aix\u00ed, <strong>ERA AGUST\u00cd<\/strong> condiciona l&#8217;\u00fas d&#8217;alguns dels serveis a la pr\u00e8via complementaci\u00f3 del corresponent registre d&#8217;Usuari. Aquest registre s&#8217;efectuar\u00e0 en la forma expressament indicada en la pr\u00f2pia secci\u00f3 de el servei.<\/p>\n<p><strong>2.3. Veracitat&nbsp; de la informaci\u00f3.<\/strong><\/p>\n<p>Tota la informaci\u00f3 que facilita l&#8217;Usuari ha de ser vera\u00e7. A aquests efectes, l&#8217;Usuari garanteix l&#8217;autenticitat de les dades comunicades a trav\u00e9s dels formularis per a la subscripci\u00f3 dels Serveis. Ser\u00e0 responsabilitat de l&#8217;Usuari mantenir tota la informaci\u00f3 facilitada a <strong>ERA AGUST\u00cd<\/strong> permanentment actualitzada de manera que respongui, en cada moment, a la seva situaci\u00f3 real. En tot cas, l&#8217;Usuari ser\u00e0 l&#8217;\u00fanic responsable de les manifestacions falses o inexactes que realitzi i dels perjudicis que causi a prestador o a tercers.<\/p>\n<p><strong>2.4. Menors d&#8217;edat.<\/strong><\/p>\n<p>Per a l&#8217;\u00fas dels serveis, els menors d&#8217;edat han d&#8217;obtenir sempre pr\u00e8viament el consentiment dels pares, tutors o representants legals, responsables \u00faltims de tots els actes realitzats pels menors al seu c\u00e0rrec. La responsabilitat en la determinaci\u00f3 de continguts concrets als quals accedeixen els menors correspon a aquells, \u00e9s per aix\u00f2 que si accedeixen a continguts no apropiats per Internet, s&#8217;hauran d&#8217;establir en els seus ordinadors mecanismes, en particular programes inform\u00e0tics, filtres i bloquejos, que permetin limitar els continguts disponibles i, tot i que no siguin infal\u00b7libles, s\u00f3n d&#8217;especial utilitat per controlar i restringir els materials als quals poden accedir els menors.<\/p>\n<p><strong>2.5. Obligaci\u00f3 de fer un \u00fas correcte de la web.<\/strong><\/p>\n<p>L&#8217;Usuari es compromet a utilitzar la web de conformitat amb la Llei i al present Av\u00eds Legal, aix\u00ed com a la moral i als bons costums. A aquest efecte, l&#8217;Usuari s&#8217;abstindr\u00e0 d&#8217;utilitzar la p\u00e0gina amb finalitats il\u00b7l\u00edcites o prohibides, lesives de drets i interessos de tercers, o que de qualsevol forma puguin danyar, inutilitzar, sobrecarregar, deteriorar o impedir la normal utilitzaci\u00f3 d&#8217;equips inform\u00e0tics o documents, arxius i tota classe de continguts emmagatzemats en qualsevol equip inform\u00e0tic del prestador.<\/p>\n<p>En particular, i a t\u00edtol indicatiu per\u00f2 no exhaustiu, l&#8217;Usuari es compromet a no transmetre, difondre o posar a disposici\u00f3 de tercers informacions, dades, continguts, missatges, gr\u00e0fics, dibuixos, arxius de so o imatge, fotografies, enregistraments, programari i, en general, qualsevol classe de material que:<\/p>\n<p>(A) sigui contr\u00e0ria, menyspre\u00ef o atempti contra els drets fonamentals i les llibertats p\u00fabliques reconegudes constitucionalment, en tractats internacionals i altres normes vigents;<\/p>\n<p>(B) indueixi, inciti o promogui actuacions delictives, denigrants, difamat\u00f2ries, violentes o, en general, contr\u00e0ries a la llei, a la moral i als l&#8217;ordre p\u00fablic;<\/p>\n<p>(C) indueixi, inciti o promogui actuacions, actituds o pensaments discriminatoris per ra\u00f3 de sexe, ra\u00e7a, religi\u00f3, creences, edat o condici\u00f3;<\/p>\n<p>(D) sigui contrari a el dret a l&#8217;honor, a la intimitat personal o familiar oa la pr\u00f2pia imatge de les persones;<\/p>\n<p>(E) de qualsevol manera perjudiqui la credibilitat del prestador o de tercers; i<\/p>\n<p>(F) constitueixi publicitat il\u00b7l\u00edcita, enganyosa o deslleial.<\/p>\n<p><\/p>\n<p><strong>3.- EXCLUSI\u00d3 DE GARANTIES I RESPONSABILITAT.<\/strong><\/p>\n<p>El prestador s&#8217;eximeix de qualsevol tipus de responsabilitat derivada de la informaci\u00f3 publicada al nostre lloc web, sempre que aquesta informaci\u00f3 hagi estat manipulada o introdu\u00efda per un tercer ali\u00e8.<\/p>\n<p>Aquest web ha estat revisada i provada perqu\u00e8 funcioni correctament. En principi, es pot garantir el correcte funcionament els 365 dies de l&#8217;any, 24 hores a el dia. No obstant aix\u00f2, el prestador no descarta la possibilitat que existeixin determinats errors de programaci\u00f3, o que succeeixin causes de for\u00e7a major, cat\u00e0strofes naturals, vagues, o circumst\u00e0ncies semblants que facin impossible l&#8217;acc\u00e9s a la p\u00e0gina web.<\/p>\n<p><strong>ERA AGUST\u00cd<\/strong> no atorga cap garantia ni es fa responsable, en cap cas, dels danys i perjudicis de qualsevol naturalesa que puguin sortir a col\u00b7laci\u00f3 de la manca de disponibilitat, manteniment i efectiu funcionament del web o dels seus serveis i continguts; de l&#8217;exist\u00e8ncia de virus, programes maliciosos o lesius en els continguts; de l&#8217;\u00fas il\u00b7l\u00edcit, negligent, fraudulent o contrari a aquest Av\u00eds Legal i condicions d&#8217;\u00fas; o de la falta de licitud, qualitat, fiabilitat, utilitat i disponibilitat dels serveis prestats per tercers i posats a disposici\u00f3 dels usuaris al lloc web.<\/p>\n<p>El prestador no es fa responsable en cap concepte dels danys que puguin dimanar de l&#8217;\u00fas il\u00b7legal o indegut de la present p\u00e0gina web.<\/p>\n<p><strong>&nbsp;<\/strong><\/p>\n<p><strong>4.- COOKIES<\/strong><\/p>\n<p>El lloc web de prestador pot utilitzar cookies (petits arxius d&#8217;informaci\u00f3 que el servidor envia a l&#8217;ordinador de qui accedeix a la p\u00e0gina) per dur a terme determinades funcions que s\u00f3n considerades imprescindibles per al correcte funcionament i visualitzaci\u00f3 de el lloc. Les cookies utilitzades tenen, en tot cas, car\u00e0cter temporal, amb l&#8217;\u00fanica finalitat de fer m\u00e9s efica\u00e7 la navegaci\u00f3, i desapareixen a l&#8217;acabar la sessi\u00f3 de l&#8217;usuari.<\/p>\n<p>En cap cas s&#8217;utilitzaran les cookies per recollir informaci\u00f3 de car\u00e0cter personal.<\/p>\n<p>Per a m\u00e9s informaci\u00f3, veure la nostra Pol\u00edtica de Cookies.<\/p>\n<p><\/p>\n<p><strong>5.- ENLLA\u00c7OS (LINKS)<\/strong><\/p>\n<p>Des del lloc web \u00e9s possible que es redirigeixi a continguts de terceres webs. At\u00e8s que des del web no podem controlar sempre els continguts introdu\u00efts pels tercers, <strong>ERA AGUST\u00cd<\/strong> no assumeix cap tipus de responsabilitat respecte a aquests continguts. En tot cas, el prestador manifesta que procedir\u00e0 a la retirada immediata de qualsevol contingut que pogu\u00e9s contravenir la legislaci\u00f3 nacional o internacional, la moral o l&#8217;ordre p\u00fablic, procedint a la retirada immediata de la redirecci\u00f3 a aquestes webs, posant en coneixement de les autoritats competents el contingut en q\u00fcesti\u00f3.<\/p>\n<p>El prestador no es responsabilitza de la informaci\u00f3 i continguts emmagatzemats, a t\u00edtol enunciatiu per\u00f2 no limitant, en f\u00f2rums, xats, generadors de blogs, comentaris, xarxes socials o qualsevol altre mitj\u00e0 que permeti a tercers publicar continguts de forma independent a la p\u00e0gina web del prestador. No obstant aix\u00f2 i en compliment del que disposa l&#8217;art. 11 i 16 de la LSSICE, el prestador es posa a disposici\u00f3 de tots els usuaris, autoritats i forces de seguretat, i col\u00b7laborant de forma activa en la retirada o, quan sigui necessari, el bloqueig de tots aquells continguts que puguin afectar o contravenir la legislaci\u00f3 nacional, o internacional, drets de tercers o la moral i l&#8217;ordre p\u00fablic. En cas que l&#8217;usuari consideri que pot existir algun contingut que pogu\u00e9s ser susceptible d&#8217;aquesta classificaci\u00f3, es prega ho faci saber de forma immediata a l&#8217;administrador del lloc web.<\/p>\n<p><\/p>\n<p><strong>6.- PROTECCI\u00d3 DE DADES PERSONALS<\/strong><\/p>\n<p>El prestador est\u00e0 profundament comprom\u00e8s amb el compliment de la normativa de protecci\u00f3 de dades personals i garanteix el compliment \u00edntegre de les obligacions disposades, aix\u00ed com la implementaci\u00f3 de les mesures de seguretat disposades a el Reglament Europeu de Protecci\u00f3 de dades i la normativa espanyola de protecci\u00f3 de dades.<\/p>\n<p>Per a m\u00e9s informaci\u00f3, veure la nostra Pol\u00edtica de Privacitat.<\/p>\n<p><\/p>\n<p><strong>7.- XARXES SOCIALS<\/strong><\/p>\n<p>L&#8217;informem que <strong>ERA AGUST\u00cd<\/strong> pot tenir pres\u00e8ncia en xarxes socials. El tractament de les dades que es dugui a terme de les persones que es facin seguidores a les xarxes socials (i \/ o realitzin qualsevol vincle o acci\u00f3 de connexi\u00f3 a trav\u00e9s de les xarxes socials) de les p\u00e0gines oficials de <strong>ERA AGUST\u00cd<\/strong> es regir\u00e0 per aquest apartat, aix\u00ed com per aquelles condicions d&#8217;\u00fas, pol\u00edtiques de privacitat i normatives d&#8217;acc\u00e9s que pertanyin a la xarxa social que procedeixi en cada cas i acceptades pr\u00e8viament per l&#8217;usuari.<\/p>\n<p><strong>ERA AGUST\u00cd<\/strong> tractar\u00e0 les seves dades amb les finalitats d&#8217;administrar correctament la seva pres\u00e8ncia a la xarxa social, informant d&#8217;activitats, productes o serveis de prestador, aix\u00ed com per a qualsevol altra finalitat que les normatives de les Xarxes Socials permetin.<\/p>\n<p>Queda prohibida la publicaci\u00f3 de continguts:<\/p>\n<p>Que siguin presumptament il\u00b7l\u00edcits per la normativa nacional, comunit\u00e0ria o internacional o que realitzin activitats presumptament il\u00b7l\u00edcites o contravinguin els principis de la bona fe.<\/p>\n<p>Que atemptin contra els drets fonamentals de les persones, faltin a la cortesia a la xarxa, molestin o puguin generar opinions negatives en els nostres usuaris o tercers i en general qualsevol siguin els continguts que <strong>ERA AGUST\u00cd<\/strong> consideri inapropiats.<\/p>\n<p>I en general que contravinguin els principis de legalitat, honradesa, responsabilitat, protecci\u00f3 de la dignitat humana, protecci\u00f3 de menors, protecci\u00f3 de l&#8217;ordre p\u00fablic, la protecci\u00f3 de la vida privada, la protecci\u00f3 del consumidor i els drets de propietat intel\u00b7lectual i industrial.<\/p>\n<p>Aix\u00ed mateix, <strong>ERA AGUST\u00cd<\/strong> es reserva la potestat de retirar, sense previ av\u00eds de la p\u00e0gina web o de la xarxa social corporativa aquells continguts que es consideren inadequats.<\/p>\n<p>En tot cas, si V\u00e8. remet informaci\u00f3 personal a trav\u00e9s de la xarxa social, <strong>ERA AGUST\u00cd<\/strong> quedar\u00e0 exempt de responsabilitat en relaci\u00f3 amb les mesures de seguretat aplicables a la present plataforma, i el usuari en cas de voler con\u00e8ixer-les, consultar les corresponents condicions particulars de la xarxa en q\u00fcesti\u00f3.<\/p>\n<p><\/p>\n<p><strong>8.- PROPIETAT INTEL\u00b7LECTUAL I INDUSTRIAL<\/strong><\/p>\n<p>El lloc web, incloent a t\u00edtol enunciatiu per\u00f2 no limitatiu la programaci\u00f3, edici\u00f3, compilaci\u00f3 i altres elements necessaris per al seu funcionament, els dissenys, logotips, textos, fotografies i \/ o gr\u00e0fics s\u00f3n propietat del prestador o, en cas que fos necessari, disposa de la llic\u00e8ncia o autoritzaci\u00f3 expressa per part dels autors. Tots els continguts del lloc web es troben degudament protegits per la normativa de propietat intel\u00b7lectual i industrial.<\/p>\n<p>Independentment de la finalitat per la qual fossin destinats, la reproducci\u00f3 total o parcial, \u00fas, distribuci\u00f3 i comunicaci\u00f3 p\u00fablica requereixen de l&#8217;autoritzaci\u00f3 escrita pr\u00e8via per part del prestador. Qualsevol \u00fas no autoritzat pr\u00e8viament per part del prestador ser\u00e0 considerat un incompliment greu dels drets de propietat intel\u00b7lectual o industrial de l&#8217;autor.<\/p>\n<p>Els dissenys, logotips, textos i \/ o gr\u00e0fics aliens al prestador i que puguin apar\u00e8ixer en el lloc web, pertanyen als seus respectius propietaris, sent ells mateixos responsables de qualsevol possible controv\u00e8rsia que pogu\u00e9s esdevenir respecte als mateixos. En tot cas, el prestador compta amb l&#8217;autoritzaci\u00f3 expressa i pr\u00e8via per part dels mateixos.<\/p>\n<p>El prestador reconeix a favor dels seus titulars els corresponents drets de propietat industrial i intel\u00b7lectual, no implicant la menci\u00f3 o aparici\u00f3 en el lloc web, de l&#8217;exist\u00e8ncia de drets o cap responsabilitat del prestador sobre els mateixos, com tampoc respatller, patrocini o recomanaci\u00f3 per part d&#8217;ell mateix.<\/p>\n<p>Per realitzar qualsevol tipus d&#8217;observaci\u00f3 respecte a possibles incompliments dels drets de propietat intel\u00b7lectual o industrial, aix\u00ed com sobre qualsevol dels continguts del lloc web, pot fer-ho mitjan\u00e7ant el correu electr\u00f2nic dalt ressenyat.<\/p>\n<p><\/p>\n<p><strong>9.- LLEI APLICABLE I JURISDICCI\u00d3<\/strong><\/p>\n<p>Per a la resoluci\u00f3 de les controv\u00e8rsies o q\u00fcestions relacionades amb la present p\u00e0gina web o de les activitats en aquesta desenvolupades, ser\u00e0 d&#8217;aplicaci\u00f3 la legislaci\u00f3 espanyola, a la qual se sotmeten expressament les parts, sent competents per a la resoluci\u00f3 de tots els conflictes derivats o relacionats amb el seu \u00fas els Jutjats i Tribunals de Lleida.<\/p>\t\t\t\t\t\t\t\t<\/div>\n\t\t\t\t<\/div>\n\t\t\t\t\t<\/div>\n\t\t<\/div>\n\t\t\t\t\t<\/div>\n\t\t<\/section>\n\t\t\t\t<\/div>","protected":false},"excerpt":{"rendered":"<p>AV\u00cdS LEGAL Amb la fi de donar compliment a l&#8217;article 10 de la Ley 34\/2002 de Servicios de la Sociedad de la Informaci\u00f3n y del Comercio Electr\u00f3nico, informem als usuaris de les nostre dades: Denominaci\u00f3 Social: ERA AGUSTI SL. Domicili Social: Cam\u00ed Bell-lloc, s\/n, 25690 Vilanova de la Barca, Lleida CIF: B25658022 Tel\u00e8fon:: 621 14 [&hellip;]<\/p>\n","protected":false},"author":1,"featured_media":0,"parent":0,"menu_order":0,"comment_status":"closed","ping_status":"closed","template":"elementor_canvas","meta":{"footnotes":""},"class_list":["post-455","page","type-page","status-publish","hentry"],"yoast_head":"<!-- This site is optimized with the Yoast SEO plugin v27.4 - https:\/\/yoast.com\/product\/yoast-seo-wordpress\/ -->\n<title>Av\u00eds legal - eraagusti.com<\/title>\n<meta name=\"robots\" content=\"index, follow, max-snippet:-1, max-image-preview:large, max-video-preview:-1\" \/>\n<link rel=\"canonical\" href=\"https:\/\/crazy-turing.217-160-227-206.plesk.page\/es\/avis-legal\/\" \/>\n<meta property=\"og:locale\" content=\"es_ES\" \/>\n<meta property=\"og:type\" content=\"article\" \/>\n<meta property=\"og:title\" content=\"Av\u00eds legal - eraagusti.com\" \/>\n<meta property=\"og:description\" content=\"AV\u00cdS LEGAL Amb la fi de donar compliment a l&#8217;article 10 de la Ley 34\/2002 de Servicios de la Sociedad de la Informaci\u00f3n y del Comercio Electr\u00f3nico, informem als usuaris de les nostre dades: Denominaci\u00f3 Social: ERA AGUSTI SL. Domicili Social: Cam\u00ed Bell-lloc, s\/n, 25690 Vilanova de la Barca, Lleida CIF: B25658022 Tel\u00e8fon:: 621 14 [&hellip;]\" \/>\n<meta property=\"og:url\" content=\"https:\/\/crazy-turing.217-160-227-206.plesk.page\/es\/avis-legal\/\" \/>\n<meta property=\"og:site_name\" content=\"eraagusti.com\" \/>\n<meta property=\"article:modified_time\" content=\"2023-07-25T06:57:57+00:00\" \/>\n<meta name=\"twitter:card\" content=\"summary_large_image\" \/>\n<meta name=\"twitter:label1\" content=\"Tiempo de lectura\" \/>\n\t<meta name=\"twitter:data1\" content=\"12 minutos\" \/>\n<script type=\"application\/ld+json\" class=\"yoast-schema-graph\">{\"@context\":\"https:\\\/\\\/schema.org\",\"@graph\":[{\"@type\":\"WebPage\",\"@id\":\"https:\\\/\\\/crazy-turing.217-160-227-206.plesk.page\\\/avis-legal\\\/\",\"url\":\"https:\\\/\\\/crazy-turing.217-160-227-206.plesk.page\\\/avis-legal\\\/\",\"name\":\"Av\u00eds legal - eraagusti.com\",\"isPartOf\":{\"@id\":\"https:\\\/\\\/crazy-turing.217-160-227-206.plesk.page\\\/#website\"},\"datePublished\":\"2023-04-04T09:58:46+00:00\",\"dateModified\":\"2023-07-25T06:57:57+00:00\",\"breadcrumb\":{\"@id\":\"https:\\\/\\\/crazy-turing.217-160-227-206.plesk.page\\\/avis-legal\\\/#breadcrumb\"},\"inLanguage\":\"es\",\"potentialAction\":[{\"@type\":\"ReadAction\",\"target\":[\"https:\\\/\\\/crazy-turing.217-160-227-206.plesk.page\\\/avis-legal\\\/\"]}]},{\"@type\":\"BreadcrumbList\",\"@id\":\"https:\\\/\\\/crazy-turing.217-160-227-206.plesk.page\\\/avis-legal\\\/#breadcrumb\",\"itemListElement\":[{\"@type\":\"ListItem\",\"position\":1,\"name\":\"Inici\",\"item\":\"https:\\\/\\\/crazy-turing.217-160-227-206.plesk.page\\\/\"},{\"@type\":\"ListItem\",\"position\":2,\"name\":\"Av\u00eds legal\"}]},{\"@type\":\"WebSite\",\"@id\":\"https:\\\/\\\/crazy-turing.217-160-227-206.plesk.page\\\/#website\",\"url\":\"https:\\\/\\\/crazy-turing.217-160-227-206.plesk.page\\\/\",\"name\":\"eraagusti.com\",\"description\":\"\",\"publisher\":{\"@id\":\"https:\\\/\\\/crazy-turing.217-160-227-206.plesk.page\\\/#organization\"},\"potentialAction\":[{\"@type\":\"SearchAction\",\"target\":{\"@type\":\"EntryPoint\",\"urlTemplate\":\"https:\\\/\\\/crazy-turing.217-160-227-206.plesk.page\\\/?s={search_term_string}\"},\"query-input\":{\"@type\":\"PropertyValueSpecification\",\"valueRequired\":true,\"valueName\":\"search_term_string\"}}],\"inLanguage\":\"es\"},{\"@type\":\"Organization\",\"@id\":\"https:\\\/\\\/crazy-turing.217-160-227-206.plesk.page\\\/#organization\",\"name\":\"eraagusti.com\",\"url\":\"https:\\\/\\\/crazy-turing.217-160-227-206.plesk.page\\\/\",\"logo\":{\"@type\":\"ImageObject\",\"inLanguage\":\"es\",\"@id\":\"https:\\\/\\\/crazy-turing.217-160-227-206.plesk.page\\\/#\\\/schema\\\/logo\\\/image\\\/\",\"url\":\"https:\\\/\\\/crazy-turing.217-160-227-206.plesk.page\\\/wp-content\\\/uploads\\\/2023\\\/03\\\/Era_Agusti_logo-5.png\",\"contentUrl\":\"https:\\\/\\\/crazy-turing.217-160-227-206.plesk.page\\\/wp-content\\\/uploads\\\/2023\\\/03\\\/Era_Agusti_logo-5.png\",\"width\":340,\"height\":77,\"caption\":\"eraagusti.com\"},\"image\":{\"@id\":\"https:\\\/\\\/crazy-turing.217-160-227-206.plesk.page\\\/#\\\/schema\\\/logo\\\/image\\\/\"}}]}<\/script>\n<!-- \/ Yoast SEO plugin. -->","yoast_head_json":{"title":"Av\u00eds legal - eraagusti.com","robots":{"index":"index","follow":"follow","max-snippet":"max-snippet:-1","max-image-preview":"max-image-preview:large","max-video-preview":"max-video-preview:-1"},"canonical":"https:\/\/crazy-turing.217-160-227-206.plesk.page\/es\/avis-legal\/","og_locale":"es_ES","og_type":"article","og_title":"Av\u00eds legal - eraagusti.com","og_description":"AV\u00cdS LEGAL Amb la fi de donar compliment a l&#8217;article 10 de la Ley 34\/2002 de Servicios de la Sociedad de la Informaci\u00f3n y del Comercio Electr\u00f3nico, informem als usuaris de les nostre dades: Denominaci\u00f3 Social: ERA AGUSTI SL. Domicili Social: Cam\u00ed Bell-lloc, s\/n, 25690 Vilanova de la Barca, Lleida CIF: B25658022 Tel\u00e8fon:: 621 14 [&hellip;]","og_url":"https:\/\/crazy-turing.217-160-227-206.plesk.page\/es\/avis-legal\/","og_site_name":"eraagusti.com","article_modified_time":"2023-07-25T06:57:57+00:00","twitter_card":"summary_large_image","twitter_misc":{"Tiempo de lectura":"12 minutos"},"schema":{"@context":"https:\/\/schema.org","@graph":[{"@type":"WebPage","@id":"https:\/\/crazy-turing.217-160-227-206.plesk.page\/avis-legal\/","url":"https:\/\/crazy-turing.217-160-227-206.plesk.page\/avis-legal\/","name":"Av\u00eds legal - eraagusti.com","isPartOf":{"@id":"https:\/\/crazy-turing.217-160-227-206.plesk.page\/#website"},"datePublished":"2023-04-04T09:58:46+00:00","dateModified":"2023-07-25T06:57:57+00:00","breadcrumb":{"@id":"https:\/\/crazy-turing.217-160-227-206.plesk.page\/avis-legal\/#breadcrumb"},"inLanguage":"es","potentialAction":[{"@type":"ReadAction","target":["https:\/\/crazy-turing.217-160-227-206.plesk.page\/avis-legal\/"]}]},{"@type":"BreadcrumbList","@id":"https:\/\/crazy-turing.217-160-227-206.plesk.page\/avis-legal\/#breadcrumb","itemListElement":[{"@type":"ListItem","position":1,"name":"Inici","item":"https:\/\/crazy-turing.217-160-227-206.plesk.page\/"},{"@type":"ListItem","position":2,"name":"Av\u00eds legal"}]},{"@type":"WebSite","@id":"https:\/\/crazy-turing.217-160-227-206.plesk.page\/#website","url":"https:\/\/crazy-turing.217-160-227-206.plesk.page\/","name":"eraagusti.com","description":"","publisher":{"@id":"https:\/\/crazy-turing.217-160-227-206.plesk.page\/#organization"},"potentialAction":[{"@type":"SearchAction","target":{"@type":"EntryPoint","urlTemplate":"https:\/\/crazy-turing.217-160-227-206.plesk.page\/?s={search_term_string}"},"query-input":{"@type":"PropertyValueSpecification","valueRequired":true,"valueName":"search_term_string"}}],"inLanguage":"es"},{"@type":"Organization","@id":"https:\/\/crazy-turing.217-160-227-206.plesk.page\/#organization","name":"eraagusti.com","url":"https:\/\/crazy-turing.217-160-227-206.plesk.page\/","logo":{"@type":"ImageObject","inLanguage":"es","@id":"https:\/\/crazy-turing.217-160-227-206.plesk.page\/#\/schema\/logo\/image\/","url":"https:\/\/crazy-turing.217-160-227-206.plesk.page\/wp-content\/uploads\/2023\/03\/Era_Agusti_logo-5.png","contentUrl":"https:\/\/crazy-turing.217-160-227-206.plesk.page\/wp-content\/uploads\/2023\/03\/Era_Agusti_logo-5.png","width":340,"height":77,"caption":"eraagusti.com"},"image":{"@id":"https:\/\/crazy-turing.217-160-227-206.plesk.page\/#\/schema\/logo\/image\/"}}]}},"_links":{"self":[{"href":"https:\/\/crazy-turing.217-160-227-206.plesk.page\/es\/wp-json\/wp\/v2\/pages\/455","targetHints":{"allow":["GET"]}}],"collection":[{"href":"https:\/\/crazy-turing.217-160-227-206.plesk.page\/es\/wp-json\/wp\/v2\/pages"}],"about":[{"href":"https:\/\/crazy-turing.217-160-227-206.plesk.page\/es\/wp-json\/wp\/v2\/types\/page"}],"author":[{"embeddable":true,"href":"https:\/\/crazy-turing.217-160-227-206.plesk.page\/es\/wp-json\/wp\/v2\/users\/1"}],"replies":[{"embeddable":true,"href":"https:\/\/crazy-turing.217-160-227-206.plesk.page\/es\/wp-json\/wp\/v2\/comments?post=455"}],"version-history":[{"count":28,"href":"https:\/\/crazy-turing.217-160-227-206.plesk.page\/es\/wp-json\/wp\/v2\/pages\/455\/revisions"}],"predecessor-version":[{"id":1487,"href":"https:\/\/crazy-turing.217-160-227-206.plesk.page\/es\/wp-json\/wp\/v2\/pages\/455\/revisions\/1487"}],"wp:attachment":[{"href":"https:\/\/crazy-turing.217-160-227-206.plesk.page\/es\/wp-json\/wp\/v2\/media?parent=455"}],"curies":[{"name":"wp","href":"https:\/\/api.w.org\/{rel}","templated":true}]}}